{"id":1086,"date":"2017-09-06T15:22:12","date_gmt":"2017-09-06T07:22:12","guid":{"rendered":"http:\/\/wordpress-emaf7.rhcloud.com\/?page_id=1086"},"modified":"2019-06-14T10:36:45","modified_gmt":"2019-06-14T02:36:45","slug":"contact-us","status":"publish","type":"page","link":"https:\/\/www.aleidamilk.com\/fr\/contact-us\/","title":{"rendered":"Contactez-nous"},"content":{"rendered":"<p>\n<div class=\"wpcf7 no-js\" id=\"wpcf7-f1245-o4\" lang=\"zh-TW\" dir=\"ltr\">\n<div class=\"screen-reader-response\"><p role=\"status\" aria-live=\"polite\" aria-atomic=\"true\"><\/p> <ul><\/ul><\/div>\n<form action=\"\/fr\/wp-json\/wp\/v2\/pages\/1086#wpcf7-f1245-o4\" method=\"post\" class=\"wpcf7-form init\" aria-label=\"\u806f\u7d61\u8868\u55ae\" novalidate=\"novalidate\" data-status=\"init\">\n<div style=\"display: none;\">\n<input type=\"hidden\" name=\"_wpcf7\" value=\"1245\" \/>\n<input type=\"hidden\" name=\"_wpcf7_version\" value=\"5.9.5\" \/>\n<input type=\"hidden\" name=\"_wpcf7_locale\" value=\"zh_TW\" \/>\n<input type=\"hidden\" name=\"_wpcf7_unit_tag\" value=\"wpcf7-f1245-o4\" \/>\n<input type=\"hidden\" name=\"_wpcf7_container_post\" value=\"0\" \/>\n<input type=\"hidden\" name=\"_wpcf7_posted_data_hash\" value=\"\" \/>\n<\/div>\n<p>Nom (requis)<br \/>\n<span class=\"wpcf7-form-control-wrap\" data-name=\"your-name\"><input size=\"40\" class=\"wpcf7-form-control wpcf7-text wpcf7-validates-as-required\" aria-required=\"true\" aria-invalid=\"false\" value=\"\" type=\"text\" name=\"your-name\" \/><\/span>\n<\/p>\n<p>E-mail (requis)<br \/>\n<span class=\"wpcf7-form-control-wrap\" data-name=\"your-email\"><input size=\"40\" class=\"wpcf7-form-control wpcf7-email wpcf7-validates-as-required wpcf7-text wpcf7-validates-as-email\" aria-required=\"true\" aria-invalid=\"false\" value=\"\" type=\"email\" name=\"your-email\" \/><\/span>\n<\/p>\n<p>Civilit\u00e9<br \/>\n<span class=\"wpcf7-form-control-wrap\" data-name=\"radio-784\"><span class=\"wpcf7-form-control wpcf7-radio\"><span class=\"wpcf7-list-item first\"><input type=\"radio\" name=\"radio-784\" value=\"M\" checked=\"checked\" \/><span class=\"wpcf7-list-item-label\">M<\/span><\/span><span class=\"wpcf7-list-item last\"><input type=\"radio\" name=\"radio-784\" value=\"Mme\" \/><span class=\"wpcf7-list-item-label\">Mme<\/span><\/span><\/span><\/span>\n<\/p>\n<p> Objet<br \/>\n<span class=\"wpcf7-form-control-wrap\" data-name=\"your-subject\"><input size=\"40\" class=\"wpcf7-form-control wpcf7-text\" aria-invalid=\"false\" value=\"\" type=\"text\" name=\"your-subject\" \/><\/span>\n<\/p>\n<p> Message (requis)<br \/>\n<span class=\"wpcf7-form-control-wrap\" data-name=\"your-message\"><textarea cols=\"40\" rows=\"10\" class=\"wpcf7-form-control wpcf7-textarea wpcf7-validates-as-required\" aria-required=\"true\" aria-invalid=\"false\" name=\"your-message\"><\/textarea><\/span>\n<\/p>\n<p><input class=\"wpcf7-form-control wpcf7-submit has-spinner\" type=\"submit\" value=\"Envoyer\" \/>\n<\/p><div class=\"wpcf7-response-output\" aria-hidden=\"true\"><\/div>\n<\/form>\n<\/div>\n<\/p>","protected":false},"excerpt":{"rendered":"","protected":false},"author":1,"featured_media":0,"parent":0,"menu_order":0,"comment_status":"closed","ping_status":"closed","template":"","meta":{"_exactmetrics_skip_tracking":false,"_exactmetrics_sitenote_active":false,"_exactmetrics_sitenote_note":"","_exactmetrics_sitenote_category":0,"footnotes":""},"class_list":["post-1086","page","type-page","status-publish","hentry"],"yoast_head":"<!-- This site is optimized with the Yoast SEO plugin v24.2 - https:\/\/yoast.com\/wordpress\/plugins\/seo\/ -->\n<title>Contactez-nous - Aleida lait de ch\u00e8vre<\/title>\n<meta name=\"robots\" content=\"index, follow, max-snippet:-1, max-image-preview:large, max-video-preview:-1\" \/>\n<link rel=\"canonical\" href=\"https:\/\/www.aleidamilk.com\/contact-us\/\" \/>\n<meta property=\"og:locale\" content=\"fr_FR\" \/>\n<meta property=\"og:type\" content=\"article\" \/>\n<meta property=\"og:title\" content=\"[:en]Contact Us[:tw]\u806f\u7d61\u6211\u5011[:vi]Li\u00ean l\u1ea1c v\u1edbi ch\u00fang t\u00f4i[:fr]Contactez-nous[:] - Aleida lait de ch\u00e8vre\" \/>\n<meta property=\"og:url\" content=\"https:\/\/www.aleidamilk.com\/contact-us\/\" \/>\n<meta property=\"og:site_name\" content=\"Aleida lait de ch\u00e8vre\" \/>\n<meta property=\"article:modified_time\" content=\"2019-06-14T02:36:45+00:00\" \/>\n<meta name=\"twitter:card\" content=\"summary_large_image\" \/>\n<script type=\"application\/ld+json\" class=\"yoast-schema-graph\">{\"@context\":\"https:\/\/schema.org\",\"@graph\":[{\"@type\":\"WebPage\",\"@id\":\"https:\/\/www.aleidamilk.com\/contact-us\/\",\"url\":\"https:\/\/www.aleidamilk.com\/contact-us\/\",\"name\":\"[:en]Contact Us[:tw]\u806f\u7d61\u6211\u5011[:vi]Li\u00ean l\u1ea1c v\u1edbi ch\u00fang t\u00f4i[:fr]Contactez-nous[:] - Aleida lait de ch\u00e8vre\",\"isPartOf\":{\"@id\":\"https:\/\/www.aleidamilk.com\/#website\"},\"datePublished\":\"2017-09-06T07:22:12+00:00\",\"dateModified\":\"2019-06-14T02:36:45+00:00\",\"breadcrumb\":{\"@id\":\"https:\/\/www.aleidamilk.com\/contact-us\/#breadcrumb\"},\"inLanguage\":\"fr-FR\",\"potentialAction\":[{\"@type\":\"ReadAction\",\"target\":[\"https:\/\/www.aleidamilk.com\/contact-us\/\"]}]},{\"@type\":\"BreadcrumbList\",\"@id\":\"https:\/\/www.aleidamilk.com\/contact-us\/#breadcrumb\",\"itemListElement\":[{\"@type\":\"ListItem\",\"position\":1,\"name\":\"\u9996\u9801\",\"item\":\"https:\/\/www.aleidamilk.com\/\"},{\"@type\":\"ListItem\",\"position\":2,\"name\":\"Contact Us\"}]},{\"@type\":\"WebSite\",\"@id\":\"https:\/\/www.aleidamilk.com\/#website\",\"url\":\"https:\/\/www.aleidamilk.com\/\",\"name\":\"Aleida lait de ch\u00e8vre\",\"description\":\"\",\"potentialAction\":[{\"@type\":\"SearchAction\",\"target\":{\"@type\":\"EntryPoint\",\"urlTemplate\":\"https:\/\/www.aleidamilk.com\/?s={search_term_string}\"},\"query-input\":{\"@type\":\"PropertyValueSpecification\",\"valueRequired\":true,\"valueName\":\"search_term_string\"}}],\"inLanguage\":\"fr-FR\"}]}<\/script>\n<!-- \/ Yoast SEO plugin. -->","yoast_head_json":{"title":"[:en]Contact Us[:tw]\u806f\u7d61\u6211\u5011[:vi]Li\u00ean l\u1ea1c v\u1edbi ch\u00fang t\u00f4i[:fr]Contactez-nous[:] - Aleida lait de ch\u00e8vre","robots":{"index":"index","follow":"follow","max-snippet":"max-snippet:-1","max-image-preview":"max-image-preview:large","max-video-preview":"max-video-preview:-1"},"canonical":"https:\/\/www.aleidamilk.com\/contact-us\/","og_locale":"fr_FR","og_type":"article","og_title":"[:en]Contact Us[:tw]\u806f\u7d61\u6211\u5011[:vi]Li\u00ean l\u1ea1c v\u1edbi ch\u00fang t\u00f4i[:fr]Contactez-nous[:] - Aleida lait de ch\u00e8vre","og_url":"https:\/\/www.aleidamilk.com\/contact-us\/","og_site_name":"Aleida lait de ch\u00e8vre","article_modified_time":"2019-06-14T02:36:45+00:00","twitter_card":"summary_large_image","schema":{"@context":"https:\/\/schema.org","@graph":[{"@type":"WebPage","@id":"https:\/\/www.aleidamilk.com\/contact-us\/","url":"https:\/\/www.aleidamilk.com\/contact-us\/","name":"[:en]Contact Us[:tw]\u806f\u7d61\u6211\u5011[:vi]Li\u00ean l\u1ea1c v\u1edbi ch\u00fang t\u00f4i[:fr]Contactez-nous[:] - Aleida lait de ch\u00e8vre","isPartOf":{"@id":"https:\/\/www.aleidamilk.com\/#website"},"datePublished":"2017-09-06T07:22:12+00:00","dateModified":"2019-06-14T02:36:45+00:00","breadcrumb":{"@id":"https:\/\/www.aleidamilk.com\/contact-us\/#breadcrumb"},"inLanguage":"fr-FR","potentialAction":[{"@type":"ReadAction","target":["https:\/\/www.aleidamilk.com\/contact-us\/"]}]},{"@type":"BreadcrumbList","@id":"https:\/\/www.aleidamilk.com\/contact-us\/#breadcrumb","itemListElement":[{"@type":"ListItem","position":1,"name":"\u9996\u9801","item":"https:\/\/www.aleidamilk.com\/"},{"@type":"ListItem","position":2,"name":"Contact Us"}]},{"@type":"WebSite","@id":"https:\/\/www.aleidamilk.com\/#website","url":"https:\/\/www.aleidamilk.com\/","name":"Aleida lait de ch\u00e8vre","description":"","potentialAction":[{"@type":"SearchAction","target":{"@type":"EntryPoint","urlTemplate":"https:\/\/www.aleidamilk.com\/?s={search_term_string}"},"query-input":{"@type":"PropertyValueSpecification","valueRequired":true,"valueName":"search_term_string"}}],"inLanguage":"fr-FR"}]}},"_links":{"self":[{"href":"https:\/\/www.aleidamilk.com\/fr\/wp-json\/wp\/v2\/pages\/1086","targetHints":{"allow":["GET"]}}],"collection":[{"href":"https:\/\/www.aleidamilk.com\/fr\/wp-json\/wp\/v2\/pages"}],"about":[{"href":"https:\/\/www.aleidamilk.com\/fr\/wp-json\/wp\/v2\/types\/page"}],"author":[{"embeddable":true,"href":"https:\/\/www.aleidamilk.com\/fr\/wp-json\/wp\/v2\/users\/1"}],"replies":[{"embeddable":true,"href":"https:\/\/www.aleidamilk.com\/fr\/wp-json\/wp\/v2\/comments?post=1086"}],"version-history":[{"count":5,"href":"https:\/\/www.aleidamilk.com\/fr\/wp-json\/wp\/v2\/pages\/1086\/revisions"}],"predecessor-version":[{"id":1247,"href":"https:\/\/www.aleidamilk.com\/fr\/wp-json\/wp\/v2\/pages\/1086\/revisions\/1247"}],"wp:attachment":[{"href":"https:\/\/www.aleidamilk.com\/fr\/wp-json\/wp\/v2\/media?parent=1086"}],"curies":[{"name":"wp","href":"https:\/\/api.w.org\/{rel}","templated":true}]}}